{"id":21,"date":"2020-12-08T03:53:12","date_gmt":"2020-12-08T03:53:12","guid":{"rendered":"https:\/\/gaviaspreview.com\/wp\/orgarium\/?page_id=21"},"modified":"2025-05-24T11:37:43","modified_gmt":"2025-05-24T11:37:43","slug":"about-us","status":"publish","type":"page","link":"https:\/\/ampleproduce.com\/es\/about-us\/","title":{"rendered":"Sobre Nosotros"},"content":{"rendered":"\t\t<div data-elementor-type=\"wp-page\" data-elementor-id=\"21\" class=\"elementor elementor-21\">\n\t\t\t\t\t\t<section class=\"elementor-section elementor-top-section elementor-element elementor-element-a2abf68 elementor-section-boxed elementor-section-height-default elementor-section-height-default shape-bg-top-no\" data-id=\"a2abf68\" data-element_type=\"section\" data-settings=\"{&quot;background_background&quot;:&quot;slideshow&quot;,&quot;background_slideshow_gallery&quot;:[{&quot;id&quot;:1203,&quot;url&quot;:&quot;https:\\\/\\\/ampleproduce.com\\\/es\\\/wp-content\\\/uploads\\\/2021\\\/12\\\/bg-9.jpg&quot;},{&quot;id&quot;:1008,&quot;url&quot;:&quot;https:\\\/\\\/ampleproduce.com\\\/es\\\/wp-content\\\/uploads\\\/2021\\\/10\\\/breadcrumb.jpg&quot;}],&quot;background_slideshow_ken_burns&quot;:&quot;yes&quot;,&quot;background_slideshow_loop&quot;:&quot;yes&quot;,&quot;background_slideshow_slide_duration&quot;:5000,&quot;background_slideshow_slide_transition&quot;:&quot;fade&quot;,&quot;background_slideshow_transition_duration&quot;:500,&quot;background_slideshow_ken_burns_zoom_direction&quot;:&quot;in&quot;}\">\n\t\t\t\t\t\t<div class=\"elementor-container elementor-column-gap-default\">\n\t\t\t\t\t<div class=\"elementor-column elementor-col-100 elementor-top-column elementor-element elementor-element-7260d10\" data-id=\"7260d10\" data-element_type=\"column\">\n\t\t\t<div class=\"elementor-widget-wrap elementor-element-populated\">\n\t\t\t\t\t\t<div class=\"elementor-element elementor-element-3f38b9d elementor-widget elementor-widget-gva-heading-block\" data-id=\"3f38b9d\" data-element_type=\"widget\" data-widget_type=\"gva-heading-block.default\">\n\t\t\t\t<div class=\"elementor-widget-container\">\n\t\t\t\t\t<div class=\"gva-element-gva-heading-block gva-element\">   <div class=\"align-left style-1 widget gsc-heading box-align-left auto-responsive\">\r\n      <div class=\"content-inner\">\r\n         \r\n                  \r\n           \r\n         \r\n                     <h2 class=\"title\">\r\n               <span>Acerca de Ample Produce Inc.<\/span>\r\n            <\/h2>\r\n                              <div class=\"title-desc\">Con ra\u00edces en la calidad. Impulsados \u200b\u200bpor la conexi\u00f3n. Comprometidos con la excelencia.<\/div>\r\n         \r\n         \r\n      <\/div>\r\n   <\/div>\r\n<\/div>\t\t\t\t<\/div>\n\t\t\t\t<\/div>\n\t\t\t\t\t<\/div>\n\t\t<\/div>\n\t\t\t\t\t<\/div>\n\t\t<\/section>\n\t\t\t\t<section class=\"elementor-section elementor-top-section elementor-element elementor-element-0a7f94e shape-bg-top-yes elementor-section-boxed elementor-section-height-default elementor-section-height-default shape-bg-bottom-no\" data-id=\"0a7f94e\" data-element_type=\"section\">\n\t\t\t\t\t\t<div class=\"elementor-container elementor-column-gap-default\">\n\t\t\t\t\t<div class=\"elementor-column elementor-col-50 elementor-top-column elementor-element elementor-element-ae6f907\" data-id=\"ae6f907\" data-element_type=\"column\">\n\t\t\t<div class=\"elementor-widget-wrap elementor-element-populated\">\n\t\t\t\t\t\t<div class=\"elementor-element elementor-element-82971a4 elementor-widget elementor-widget-gva-heading-block\" data-id=\"82971a4\" data-element_type=\"widget\" data-settings=\"{&quot;_animation&quot;:&quot;none&quot;}\" data-widget_type=\"gva-heading-block.default\">\n\t\t\t\t<div class=\"elementor-widget-container\">\n\t\t\t\t\t<div class=\"gva-element-gva-heading-block gva-element\">   <div class=\"align-left style-1 widget gsc-heading box-align-left auto-responsive\">\r\n      <div class=\"content-inner\">\r\n         \r\n                  \r\n           \r\n         \r\n                     <h2 class=\"title\">\r\n               <span>Sobre Nosotros<\/span>\r\n            <\/h2>\r\n                              <div class=\"title-desc\">Ample Produce Inc. es una empresa con sede en Canad\u00e1 especializada en la importaci\u00f3n, exportaci\u00f3n y distribuci\u00f3n mayorista de frutas y verduras frescas. Fundada con una pasi\u00f3n por la agricultura y un compromiso con la calidad, nuestra misi\u00f3n es cerrar la brecha entre los productores y los mercados mediante asociaciones s\u00f3lidas y un servicio confiable.<\/div>\r\n         \r\n         \r\n      <\/div>\r\n   <\/div>\r\n<\/div>\t\t\t\t<\/div>\n\t\t\t\t<\/div>\n\t\t\t\t\t<\/div>\n\t\t<\/div>\n\t\t\t\t<div class=\"elementor-column elementor-col-50 elementor-top-column elementor-element elementor-element-bda471b\" data-id=\"bda471b\" data-element_type=\"column\">\n\t\t\t<div class=\"elementor-widget-wrap elementor-element-populated\">\n\t\t\t\t\t\t<section class=\"elementor-section elementor-inner-section elementor-element elementor-element-2e72efe elementor-section-boxed elementor-section-height-default elementor-section-height-default shape-bg-top-no shape-bg-bottom-no\" data-id=\"2e72efe\" data-element_type=\"section\">\n\t\t\t\t\t\t<div class=\"elementor-container elementor-column-gap-default\">\n\t\t\t\t\t<div class=\"elementor-column elementor-col-50 elementor-inner-column elementor-element elementor-element-d4a79f3\" data-id=\"d4a79f3\" data-element_type=\"column\">\n\t\t\t<div class=\"elementor-widget-wrap elementor-element-populated\">\n\t\t\t\t\t\t<div class=\"elementor-element elementor-element-c5eeba7 elementor-widget elementor-widget-image\" data-id=\"c5eeba7\" data-element_type=\"widget\" data-widget_type=\"image.default\">\n\t\t\t\t<div class=\"elementor-widget-container\">\n\t\t\t\t\t\t\t\t\t\t\t\t\t\t\t<img fetchpriority=\"high\" decoding=\"async\" width=\"1280\" height=\"1707\" src=\"https:\/\/ampleproduce.com\/es\/wp-content\/uploads\/2025\/05\/pexels-solareflares-2751755.jpg\" class=\"attachment-full size-full wp-image-989848\" alt=\"\" srcset=\"https:\/\/ampleproduce.com\/es\/wp-content\/uploads\/2025\/05\/pexels-solareflares-2751755.jpg 1280w, https:\/\/ampleproduce.com\/es\/wp-content\/uploads\/2025\/05\/pexels-solareflares-2751755-768x1024.jpg 768w\" sizes=\"(max-width: 1280px) 100vw, 1280px\" \/>\t\t\t\t\t\t\t\t\t\t\t\t\t\t\t<\/div>\n\t\t\t\t<\/div>\n\t\t\t\t\t<\/div>\n\t\t<\/div>\n\t\t\t\t<div class=\"elementor-column elementor-col-50 elementor-inner-column elementor-element elementor-element-4b110eb\" data-id=\"4b110eb\" data-element_type=\"column\">\n\t\t\t<div class=\"elementor-widget-wrap elementor-element-populated\">\n\t\t\t\t\t\t<div class=\"elementor-element elementor-element-038a6f1 elementor-widget elementor-widget-image\" data-id=\"038a6f1\" data-element_type=\"widget\" data-widget_type=\"image.default\">\n\t\t\t\t<div class=\"elementor-widget-container\">\n\t\t\t\t\t\t\t\t\t\t\t\t\t\t\t<img decoding=\"async\" width=\"640\" height=\"960\" src=\"https:\/\/ampleproduce.com\/es\/wp-content\/uploads\/2025\/05\/pexels-mariya-b-555701080-20775107.jpg\" class=\"attachment-full size-full wp-image-989851\" alt=\"\" \/>\t\t\t\t\t\t\t\t\t\t\t\t\t\t\t<\/div>\n\t\t\t\t<\/div>\n\t\t\t\t\t<\/div>\n\t\t<\/div>\n\t\t\t\t\t<\/div>\n\t\t<\/section>\n\t\t\t\t<section class=\"elementor-section elementor-inner-section elementor-element elementor-element-c6294f1 elementor-section-boxed elementor-section-height-default elementor-section-height-default shape-bg-top-no shape-bg-bottom-no\" data-id=\"c6294f1\" data-element_type=\"section\">\n\t\t\t\t\t\t<div class=\"elementor-container elementor-column-gap-default\">\n\t\t\t\t\t<div class=\"elementor-column elementor-col-50 elementor-inner-column elementor-element elementor-element-9291c4a\" data-id=\"9291c4a\" data-element_type=\"column\">\n\t\t\t<div class=\"elementor-widget-wrap elementor-element-populated\">\n\t\t\t\t\t\t<div class=\"elementor-element elementor-element-decaa71 elementor-widget elementor-widget-image\" data-id=\"decaa71\" data-element_type=\"widget\" data-widget_type=\"image.default\">\n\t\t\t\t<div class=\"elementor-widget-container\">\n\t\t\t\t\t\t\t\t\t\t\t\t\t\t\t<img decoding=\"async\" width=\"1280\" height=\"1707\" src=\"https:\/\/ampleproduce.com\/es\/wp-content\/uploads\/2025\/05\/pexels-oznur-yuksel-35453122-9922932.jpg\" class=\"attachment-full size-full wp-image-989849\" alt=\"\" srcset=\"https:\/\/ampleproduce.com\/es\/wp-content\/uploads\/2025\/05\/pexels-oznur-yuksel-35453122-9922932.jpg 1280w, https:\/\/ampleproduce.com\/es\/wp-content\/uploads\/2025\/05\/pexels-oznur-yuksel-35453122-9922932-768x1024.jpg 768w\" sizes=\"(max-width: 1280px) 100vw, 1280px\" \/>\t\t\t\t\t\t\t\t\t\t\t\t\t\t\t<\/div>\n\t\t\t\t<\/div>\n\t\t\t\t\t<\/div>\n\t\t<\/div>\n\t\t\t\t<div class=\"elementor-column elementor-col-50 elementor-inner-column elementor-element elementor-element-b41af9f\" data-id=\"b41af9f\" data-element_type=\"column\">\n\t\t\t<div class=\"elementor-widget-wrap elementor-element-populated\">\n\t\t\t\t\t\t<div class=\"elementor-element elementor-element-4870e64 elementor-widget elementor-widget-image\" data-id=\"4870e64\" data-element_type=\"widget\" data-widget_type=\"image.default\">\n\t\t\t\t<div class=\"elementor-widget-container\">\n\t\t\t\t\t\t\t\t\t\t\t\t\t\t\t<img loading=\"lazy\" decoding=\"async\" width=\"1280\" height=\"1920\" src=\"https:\/\/ampleproduce.com\/es\/wp-content\/uploads\/2025\/05\/pexels-viktoria-slowikowska-5677306.jpg\" class=\"attachment-full size-full wp-image-989852\" alt=\"\" srcset=\"https:\/\/ampleproduce.com\/es\/wp-content\/uploads\/2025\/05\/pexels-viktoria-slowikowska-5677306.jpg 1280w, https:\/\/ampleproduce.com\/es\/wp-content\/uploads\/2025\/05\/pexels-viktoria-slowikowska-5677306-683x1024.jpg 683w, https:\/\/ampleproduce.com\/es\/wp-content\/uploads\/2025\/05\/pexels-viktoria-slowikowska-5677306-768x1152.jpg 768w\" sizes=\"(max-width: 1280px) 100vw, 1280px\" \/>\t\t\t\t\t\t\t\t\t\t\t\t\t\t\t<\/div>\n\t\t\t\t<\/div>\n\t\t\t\t\t<\/div>\n\t\t<\/div>\n\t\t\t\t\t<\/div>\n\t\t<\/section>\n\t\t\t\t\t<\/div>\n\t\t<\/div>\n\t\t\t\t\t<\/div>\n\t\t<\/section>\n\t\t\t\t<section class=\"elementor-section elementor-top-section elementor-element elementor-element-77a43b0 elementor-section-full_width elementor-section-stretched elementor-section-height-default elementor-section-height-default shape-bg-top-no shape-bg-bottom-no\" data-id=\"77a43b0\" data-element_type=\"section\" data-settings=\"{&quot;background_background&quot;:&quot;classic&quot;,&quot;stretch_section&quot;:&quot;section-stretched&quot;}\">\n\t\t\t\t\t\t<div class=\"elementor-container elementor-column-gap-extended\">\n\t\t\t\t\t<div class=\"elementor-column elementor-col-100 elementor-top-column elementor-element elementor-element-e267803\" data-id=\"e267803\" data-element_type=\"column\">\n\t\t\t<div class=\"elementor-widget-wrap elementor-element-populated\">\n\t\t\t\t\t\t<div class=\"elementor-element elementor-element-27ffe06 elementor-widget elementor-widget-heading\" data-id=\"27ffe06\" data-element_type=\"widget\" data-widget_type=\"heading.default\">\n\t\t\t\t<div class=\"elementor-widget-container\">\n\t\t\t\t\t<h2 class=\"elementor-heading-title elementor-size-default\">Nuestra historia<\/h2>\t\t\t\t<\/div>\n\t\t\t\t<\/div>\n\t\t\t\t<div class=\"elementor-element elementor-element-ec8e5e2 elementor-widget elementor-widget-heading\" data-id=\"ec8e5e2\" data-element_type=\"widget\" data-widget_type=\"heading.default\">\n\t\t\t\t<div class=\"elementor-widget-container\">\n\t\t\t\t\t<h2 class=\"elementor-heading-title elementor-size-default\">Con a\u00f1os de experiencia y una red de socios confiables en Am\u00e9rica del Norte y Central, garantizamos acceso constante a productos agr\u00edcolas de primera calidad, manteniendo altos est\u00e1ndares en log\u00edstica, cumplimiento normativo y satisfacci\u00f3n del cliente.<\/h2>\t\t\t\t<\/div>\n\t\t\t\t<\/div>\n\t\t\t\t\t<\/div>\n\t\t<\/div>\n\t\t\t\t\t<\/div>\n\t\t<\/section>\n\t\t\t\t<section class=\"elementor-section elementor-top-section elementor-element elementor-element-8f13f7e elementor-section-full_width elementor-section-height-default elementor-section-height-default shape-bg-top-no shape-bg-bottom-no\" data-id=\"8f13f7e\" data-element_type=\"section\">\n\t\t\t\t\t\t<div class=\"elementor-container elementor-column-gap-default\">\n\t\t\t\t\t<div class=\"elementor-column elementor-col-100 elementor-top-column elementor-element elementor-element-8cb9b38\" data-id=\"8cb9b38\" data-element_type=\"column\">\n\t\t\t<div class=\"elementor-widget-wrap elementor-element-populated\">\n\t\t\t\t\t\t<div class=\"elementor-element elementor-element-a1f7974 text-background elementor-widget elementor-widget-heading\" data-id=\"a1f7974\" data-element_type=\"widget\" data-widget_type=\"heading.default\">\n\t\t\t\t<div class=\"elementor-widget-container\">\n\t\t\t\t\t<h2 class=\"elementor-heading-title elementor-size-default\">Lo que nos distingue<\/h2>\t\t\t\t<\/div>\n\t\t\t\t<\/div>\n\t\t\t\t\t<\/div>\n\t\t<\/div>\n\t\t\t\t\t<\/div>\n\t\t<\/section>\n\t\t\t\t<section class=\"elementor-section elementor-top-section elementor-element elementor-element-ce4cfac elementor-section-boxed elementor-section-height-default elementor-section-height-default shape-bg-top-no shape-bg-bottom-no\" data-id=\"ce4cfac\" data-element_type=\"section\">\n\t\t\t\t\t\t<div class=\"elementor-container elementor-column-gap-default\">\n\t\t\t\t\t<div class=\"elementor-column elementor-col-100 elementor-top-column elementor-element elementor-element-f9e4645\" data-id=\"f9e4645\" data-element_type=\"column\">\n\t\t\t<div class=\"elementor-widget-wrap elementor-element-populated\">\n\t\t\t\t\t\t<div class=\"elementor-element elementor-element-859fad6 elementor-widget elementor-widget-gva_counter_group\" data-id=\"859fad6\" data-element_type=\"widget\" data-widget_type=\"gva_counter_group.default\">\n\t\t\t\t<div class=\"elementor-widget-container\">\n\t\t\t\t\t<div class=\"gva-element-gva_counter_group gva-element\">\r\n<div class=\"gsc-counter-group layout-carousel swiper-slider-wrapper style-1 \">\r\n   <div class=\"swiper-content-inner\">\r\n      <div class=\"init-carousel-swiper swiper\" data-carousel=\"{&quot;items&quot;:4,&quot;items_lg&quot;:4,&quot;items_md&quot;:3,&quot;items_sm&quot;:2,&quot;items_xs&quot;:2,&quot;items_xx&quot;:1,&quot;effect&quot;:&quot;slide&quot;,&quot;space_between&quot;:30,&quot;loop&quot;:1,&quot;speed&quot;:600,&quot;autoplay&quot;:1,&quot;autoplay_delay&quot;:4500,&quot;autoplay_hover&quot;:0,&quot;navigation&quot;:1,&quot;pagination&quot;:0,&quot;dynamic_bullets&quot;:1,&quot;pagination_type&quot;:&quot;bullets&quot;}\">\r\n         <div class=\"swiper-wrapper\">\r\n            <div class=\"swiper-slide\">\r\n<div class=\"counter-item milestone-block elementor-repeater-item-1874508 active\">\r\n\t<div class=\"counter-content\">\r\n\r\n\t\t<div class=\"milestone-icon\"><i aria-hidden=\"true\" class=\"fas fa-hands-helping\"><\/i><\/div><div class=\"milestone-content\"><div class=\"milestone-number-inner\"><span class=\"milestone-number\">3656<\/span><span class=\"symbol after\">+<\/span><\/div><h3 class=\"title\">Cadena de suministro integrada<\/h3><\/div>\r\n\t<\/div>  \t\r\n\t<span class=\"overlay-icon\"><i aria-hidden=\"true\" class=\"fas fa-hands-helping\"><\/i><\/span><\/div><\/div><div class=\"swiper-slide\">\r\n<div class=\"counter-item milestone-block elementor-repeater-item-8a722f2 active\">\r\n\t<div class=\"counter-content\">\r\n\r\n\t\t<div class=\"milestone-icon\"><i aria-hidden=\"true\" class=\" lab la-envira\"><\/i><\/div><div class=\"milestone-content\"><div class=\"milestone-number-inner\"><span class=\"milestone-number\">3656<\/span><span class=\"symbol after\">+<\/span><\/div><h3 class=\"title\">Compromiso con la sostenibilidad<\/h3><\/div>\r\n\t<\/div>  \t\r\n\t<span class=\"overlay-icon\"><i aria-hidden=\"true\" class=\" lab la-envira\"><\/i><\/span><\/div><\/div><div class=\"swiper-slide\">\r\n<div class=\"counter-item milestone-block elementor-repeater-item-6aea6ff active\">\r\n\t<div class=\"counter-content\">\r\n\r\n\t\t<div class=\"milestone-icon\"><i aria-hidden=\"true\" class=\"fas fa-chart-line\"><\/i><\/div><div class=\"milestone-content\"><div class=\"milestone-number-inner\"><span class=\"milestone-number\">3656<\/span><span class=\"symbol after\">+<\/span><\/div><h3 class=\"title\">Inteligencia de mercado <\/br><\/br><\/h3><\/div>\r\n\t<\/div>  \t\r\n\t<span class=\"overlay-icon\"><i aria-hidden=\"true\" class=\"fas fa-chart-line\"><\/i><\/span><\/div><\/div><div class=\"swiper-slide\">\r\n<div class=\"counter-item milestone-block elementor-repeater-item-86cac8c active\">\r\n\t<div class=\"counter-content\">\r\n\r\n\t\t<div class=\"milestone-icon\"><i aria-hidden=\"true\" class=\" las la-user-check\"><\/i><\/div><div class=\"milestone-content\"><div class=\"milestone-number-inner\"><span class=\"milestone-number\">3656<\/span><span class=\"symbol after\">+<\/span><\/div><h3 class=\"title\">Enfoque centrado en el cliente<\/h3><\/div>\r\n\t<\/div>  \t\r\n\t<span class=\"overlay-icon\"><i aria-hidden=\"true\" class=\" las la-user-check\"><\/i><\/span><\/div><\/div>         <\/div>\r\n      <\/div>\r\n   <\/div>   \r\n      <div class=\"swiper-nav-next\"><\/div><div class=\"swiper-nav-prev\"><\/div><\/div>\r\n<\/div>\t\t\t\t<\/div>\n\t\t\t\t<\/div>\n\t\t\t\t\t<\/div>\n\t\t<\/div>\n\t\t\t\t\t<\/div>\n\t\t<\/section>\n\t\t\t\t<section class=\"elementor-section elementor-top-section elementor-element elementor-element-53d27c3 elementor-section-boxed elementor-section-height-default elementor-section-height-default shape-bg-top-no shape-bg-bottom-no\" data-id=\"53d27c3\" data-element_type=\"section\" data-settings=\"{&quot;background_background&quot;:&quot;classic&quot;}\">\n\t\t\t\t\t\t<div class=\"elementor-container elementor-column-gap-default\">\n\t\t\t\t\t<div class=\"elementor-column elementor-col-100 elementor-top-column elementor-element elementor-element-3329c67\" data-id=\"3329c67\" data-element_type=\"column\" data-settings=\"{&quot;background_background&quot;:&quot;classic&quot;}\">\n\t\t\t<div class=\"elementor-widget-wrap elementor-element-populated\">\n\t\t\t\t\t\t<div class=\"elementor-element elementor-element-b8ecc0d elementor-widget elementor-widget-heading\" data-id=\"b8ecc0d\" data-element_type=\"widget\" data-widget_type=\"heading.default\">\n\t\t\t\t<div class=\"elementor-widget-container\">\n\t\t\t\t\t<h2 class=\"elementor-heading-title elementor-size-default\">Ya sea que usted sea un productor que desea ampliar su alcance o un comprador que necesita una fuente confiable de productos frescos, Ample Produce Inc. est\u00e1 aqu\u00ed para ayudarle a crecer.<\/h2>\t\t\t\t<\/div>\n\t\t\t\t<\/div>\n\t\t\t\t\t<\/div>\n\t\t<\/div>\n\t\t\t\t\t<\/div>\n\t\t<\/section>\n\t\t\t\t<\/div>\n\t\t","protected":false},"excerpt":{"rendered":"<p>Acerca de Ample Produce Inc. Con ra\u00edces en la calidad. Impulsados \u200b\u200bpor la conexi\u00f3n. Comprometidos con la excelencia. Sobre Nosotros Ample Produce Inc. es una empresa con sede en Canad\u00e1 [&hellip;]<\/p>\n","protected":false},"author":1,"featured_media":0,"parent":0,"menu_order":0,"comment_status":"closed","ping_status":"closed","template":"","meta":{"footnotes":""},"class_list":["post-21","page","type-page","status-publish","hentry"],"_links":{"self":[{"href":"https:\/\/ampleproduce.com\/es\/wp-json\/wp\/v2\/pages\/21","targetHints":{"allow":["GET"]}}],"collection":[{"href":"https:\/\/ampleproduce.com\/es\/wp-json\/wp\/v2\/pages"}],"about":[{"href":"https:\/\/ampleproduce.com\/es\/wp-json\/wp\/v2\/types\/page"}],"author":[{"embeddable":true,"href":"https:\/\/ampleproduce.com\/es\/wp-json\/wp\/v2\/users\/1"}],"replies":[{"embeddable":true,"href":"https:\/\/ampleproduce.com\/es\/wp-json\/wp\/v2\/comments?post=21"}],"version-history":[{"count":57,"href":"https:\/\/ampleproduce.com\/es\/wp-json\/wp\/v2\/pages\/21\/revisions"}],"predecessor-version":[{"id":990008,"href":"https:\/\/ampleproduce.com\/es\/wp-json\/wp\/v2\/pages\/21\/revisions\/990008"}],"wp:attachment":[{"href":"https:\/\/ampleproduce.com\/es\/wp-json\/wp\/v2\/media?parent=21"}],"curies":[{"name":"wp","href":"https:\/\/api.w.org\/{rel}","templated":true}]}}