{"id":20,"date":"2020-12-08T03:53:00","date_gmt":"2020-12-08T03:53:00","guid":{"rendered":"https:\/\/gaviaspreview.com\/wp\/orgarium\/?page_id=20"},"modified":"2025-05-27T06:12:57","modified_gmt":"2025-05-27T06:12:57","slug":"home","status":"publish","type":"page","link":"https:\/\/ampleproduce.com\/fr\/","title":{"rendered":"Page d\u2019Accueil"},"content":{"rendered":"\t\t<div data-elementor-type=\"wp-page\" data-elementor-id=\"20\" class=\"elementor elementor-20\">\n\t\t\t\t\t\t<section class=\"elementor-section elementor-top-section elementor-element elementor-element-31a24d1 elementor-section-full_width elementor-section-height-default elementor-section-height-default shape-bg-top-no shape-bg-bottom-no\" data-id=\"31a24d1\" data-element_type=\"section\">\n\t\t\t\t\t\t<div class=\"elementor-container elementor-column-gap-default\">\n\t\t\t\t\t<div class=\"elementor-column elementor-col-100 elementor-top-column elementor-element elementor-element-39548fa\" data-id=\"39548fa\" data-element_type=\"column\">\n\t\t\t<div class=\"elementor-widget-wrap elementor-element-populated\">\n\t\t\t\t\t\t<div class=\"elementor-element elementor-element-af64b54 elementor-widget elementor-widget-gva-rev-slider\" data-id=\"af64b54\" data-element_type=\"widget\" data-widget_type=\"gva-rev-slider.default\">\n\t\t\t\t<div class=\"elementor-widget-container\">\n\t\t\t\t\t<div class=\"gva-element-gva-rev-slider gva-element\">\n\t\t\t\t<p class=\"rs-p-wp-fix\"><\/p>\n\t\t\t\t<sr7-module data-alias=\"slider-1\" data-id=\"1\" id=\"SR7_1_1\" class=\"rs-ov-hidden\" data-version=\"6.7.32\">\n\t\t\t\t\t<sr7-adjuster><\/sr7-adjuster>\n\t\t\t\t\t<sr7-content>\n\t\t\t\t\t\t<sr7-slide id=\"SR7_1_1-1\" data-key=\"1\">\n\t\t\t\t\t\t\t<sr7-bg id=\"SR7_1_1-1-1\" class=\"sr7-layer\"><noscript><img decoding=\"async\" src=\"https:\/\/ampleproduce.com\/fr\/wp-content\/uploads\/revslider\/slider-1\/slider-41.jpg\" alt=\"\" title=\"slider-41.jpg\"><\/noscript><\/sr7-bg>\n\t\t\t\t\t\t<\/sr7-slide>\n\t\t\t\t\t\t<sr7-slide id=\"SR7_1_1-2\" data-key=\"2\">\n\t\t\t\t\t\t\t<sr7-bg id=\"SR7_1_1-2-1\" class=\"sr7-layer\"><noscript><img decoding=\"async\" src=\"https:\/\/ampleproduce.com\/fr\/wp-content\/uploads\/revslider\/slider-1\/slider-51.jpg\" alt=\"\" title=\"slider-51.jpg\"><\/noscript><\/sr7-bg>\n\t\t\t\t\t\t<\/sr7-slide>\n\t\t\t\t\t\t<sr7-slide id=\"SR7_1_1-3\" data-key=\"3\">\n\t\t\t\t\t\t\t<sr7-bg id=\"SR7_1_1-3-1\" class=\"sr7-layer\"><noscript><img decoding=\"async\" src=\"https:\/\/ampleproduce.com\/fr\/wp-content\/uploads\/revslider\/slider-1\/slider-61.jpg\" alt=\"\" title=\"slider-61.jpg\"><\/noscript><\/sr7-bg>\n\t\t\t\t\t\t<\/sr7-slide>\n\t\t\t\t\t\t<sr7-slide id=\"SR7_1_1-8\" data-key=\"8\">\n\t\t\t\t\t\t<\/sr7-slide>\n\t\t\t\t\t<\/sr7-content>\n\t\t\t\t\t<image_lists style=\"display:none\">\n\t\t\t\t\t\t<img data-src=\"\/\/ampleproduce.com\/fr\/wp-content\/uploads\/revslider\/slider-1\/slider-41.jpg\" data-libid=\"1513\" data-lib=\"medialibrary\" title=\"slider-41.jpg\" width=\"0\" height=\"0\" data-dbsrc=\"Ly9hbXBsZXByb2R1Y2UuY29tL2ZyL3dwLWNvbnRlbnQvdXBsb2Fkcy9yZXZzbGlkZXIvc2xpZGVyLTEvc2xpZGVyLTQxLmpwZw==\"\/>\n\t\t\t\t\t\t<img data-src=\"\/\/ampleproduce.com\/fr\/wp-content\/uploads\/revslider\/slider-1\/slider-51.jpg\" data-libid=\"1514\" data-lib=\"medialibrary\" title=\"slider-51.jpg\" width=\"0\" height=\"0\" data-dbsrc=\"Ly9hbXBsZXByb2R1Y2UuY29tL2ZyL3dwLWNvbnRlbnQvdXBsb2Fkcy9yZXZzbGlkZXIvc2xpZGVyLTEvc2xpZGVyLTUxLmpwZw==\"\/>\n\t\t\t\t\t\t<img data-src=\"\/\/ampleproduce.com\/fr\/wp-content\/uploads\/revslider\/slider-1\/slider-61.jpg\" data-libid=\"1515\" data-lib=\"medialibrary\" title=\"slider-61.jpg\" width=\"0\" height=\"0\" data-dbsrc=\"Ly9hbXBsZXByb2R1Y2UuY29tL2ZyL3dwLWNvbnRlbnQvdXBsb2Fkcy9yZXZzbGlkZXIvc2xpZGVyLTEvc2xpZGVyLTYxLmpwZw==\"\/>\n\t\t\t\t\t<\/image_lists>\n\t\t\t\t<\/sr7-module>\n\t\t\t\t<script>\n\t\t\t\t\tSR7.PMH ??={}; SR7.PMH[\"SR7_1_1\"] = {cn:100,state:false,fn: function() { if (_tpt!==undefined && _tpt.prepareModuleHeight !== undefined) {  _tpt.prepareModuleHeight({id:\"SR7_1_1\",el:[790,790,790,550,350],type:'standard',shdw:'0',gh:[790,790,790,550,350],gw:[1170,1170,1170,778,480],vpt:['-200px&#039;,&#039;-200px&#039;,&#039;-200px&#039;,&#039;-200px&#039;,&#039;-200px'],size:{fullWidth:false, fullHeight:false},mh:'0',onh:0,onw:0,bg:{color:'{\"orig\":\"transparent\",\"type\":\"solid\",\"string\":\"transparent\"}'},plType:'0',plColor:'#FFFFFF'});   SR7.PMH[\"SR7_1_1\"].state=true;} else if(SR7.PMH[\"SR7_1_1\"].cn-->0)\tsetTimeout( SR7.PMH[\"SR7_1_1\"].fn,19);}};SR7.PMH[\"SR7_1_1\" ].fn();\n\t\t\t\t<\/script>\n<\/div>\t\t\t\t<\/div>\n\t\t\t\t<\/div>\n\t\t\t\t\t<\/div>\n\t\t<\/div>\n\t\t\t\t\t<\/div>\n\t\t<\/section>\n\t\t\t\t<section class=\"elementor-section elementor-top-section elementor-element elementor-element-94491d1 elementor-section-boxed elementor-section-height-default elementor-section-height-default shape-bg-top-no shape-bg-bottom-no\" data-id=\"94491d1\" data-element_type=\"section\">\n\t\t\t\t\t\t<div class=\"elementor-container elementor-column-gap-default\">\n\t\t\t\t\t<div class=\"elementor-column elementor-col-50 elementor-top-column elementor-element elementor-element-fae7695 col-align-center\" data-id=\"fae7695\" data-element_type=\"column\">\n\t\t\t<div class=\"elementor-widget-wrap elementor-element-populated\">\n\t\t\t\t\t\t<div class=\"elementor-element elementor-element-eeede6c elementor-widget__width-initial elementor-invisible elementor-widget elementor-widget-image\" data-id=\"eeede6c\" data-element_type=\"widget\" data-settings=\"{&quot;_animation&quot;:&quot;fadeInLeft&quot;}\" data-widget_type=\"image.default\">\n\t\t\t\t<div class=\"elementor-widget-container\">\n\t\t\t\t\t\t\t\t\t\t\t\t\t\t\t<img decoding=\"async\" src=\"https:\/\/gaviaspreview.com\/wp\/orgarium\/wp-content\/uploads\/2022\/01\/image-15.jpg\" title=\"\" alt=\"\" loading=\"lazy\" \/>\t\t\t\t\t\t\t\t\t\t\t\t\t\t\t<\/div>\n\t\t\t\t<\/div>\n\t\t\t\t<div class=\"elementor-element elementor-element-bfc4ac5 elementor-widget__width-initial animated-fast elementor-invisible elementor-widget elementor-widget-image\" data-id=\"bfc4ac5\" data-element_type=\"widget\" data-settings=\"{&quot;_animation&quot;:&quot;zoomIn&quot;,&quot;_animation_delay&quot;:300}\" data-widget_type=\"image.default\">\n\t\t\t\t<div class=\"elementor-widget-container\">\n\t\t\t\t\t\t\t\t\t\t\t\t\t\t\t<img loading=\"lazy\" decoding=\"async\" width=\"340\" height=\"511\" src=\"https:\/\/ampleproduce.com\/fr\/wp-content\/uploads\/2022\/01\/image-14.jpg\" class=\"attachment-full size-full wp-image-1277\" alt=\"\" \/>\t\t\t\t\t\t\t\t\t\t\t\t\t\t\t<\/div>\n\t\t\t\t<\/div>\n\t\t\t\t<div class=\"elementor-element elementor-element-aac7a09 elementor-widget__width-initial elementor-absolute animated-slow elementor-invisible elementor-widget elementor-widget-heading\" data-id=\"aac7a09\" data-element_type=\"widget\" data-settings=\"{&quot;_position&quot;:&quot;absolute&quot;,&quot;_animation&quot;:&quot;bounceIn&quot;}\" data-widget_type=\"heading.default\">\n\t\t\t\t<div class=\"elementor-widget-container\">\n\t\t\t\t\t<h2 class=\"elementor-heading-title elementor-size-default\">nous g\u00e9rons tout avec pr\u00e9cision et soin.<\/h2>\t\t\t\t<\/div>\n\t\t\t\t<\/div>\n\t\t\t\t\t<\/div>\n\t\t<\/div>\n\t\t\t\t<div class=\"elementor-column elementor-col-50 elementor-top-column elementor-element elementor-element-a565419\" data-id=\"a565419\" data-element_type=\"column\">\n\t\t\t<div class=\"elementor-widget-wrap elementor-element-populated\">\n\t\t\t\t\t\t<div class=\"elementor-element elementor-element-6a89c07 elementor-widget elementor-widget-gva-heading-block\" data-id=\"6a89c07\" data-element_type=\"widget\" data-widget_type=\"gva-heading-block.default\">\n\t\t\t\t<div class=\"elementor-widget-container\">\n\t\t\t\t\t<div class=\"gva-element-gva-heading-block gva-element\">   <div class=\"align-left style-1 widget gsc-heading box-align-left auto-responsive\">\r\n      <div class=\"content-inner\">\r\n         \r\n                  \r\n         <div class=\"sub-title\"><span class=\"heading-icon\"><img decoding=\"async\" src=\"https:\/\/ampleproduce.com\/fr\/wp-content\/plugins\/orgarium-themer\/elementor\/assets\/images\/icon-heading.png\" alt=\"\" \/><\/span><span class=\"tagline\">Bienvenue chez<\/span><\/div>  \r\n         \r\n                     <h2 class=\"title\">\r\n               <span>Ample Produce Inc.<\/span>\r\n            <\/h2>\r\n                              <div class=\"title-desc\">Chez Ample Produce Inc., nous nous engageons \u00e0 fournir les fruits et l\u00e9gumes les plus frais et de la plus haute qualit\u00e9 aux march\u00e9s partout au Canada et au-del\u00e0.\n<\/div>\r\n         \r\n         \r\n      <\/div>\r\n   <\/div>\r\n<\/div>\t\t\t\t<\/div>\n\t\t\t\t<\/div>\n\t\t\t\t<div class=\"elementor-element elementor-element-97a7f21 elementor-widget elementor-widget-gva_icon_box_group\" data-id=\"97a7f21\" data-element_type=\"widget\" data-widget_type=\"gva_icon_box_group.default\">\n\t\t\t\t<div class=\"elementor-widget-container\">\n\t\t\t\t\t<div class=\"gva-element-gva_icon_box_group gva-element\">\r\n<div class=\"gsc-icon-box-group layout-carousel swiper-slider-wrapper style-5 \">\r\n   <div class=\"swiper-content-inner\">\r\n      <div class=\"init-carousel-swiper swiper\" data-carousel=\"{&quot;items&quot;:3,&quot;items_lg&quot;:3,&quot;items_md&quot;:3,&quot;items_sm&quot;:2,&quot;items_xs&quot;:2,&quot;items_xx&quot;:2,&quot;effect&quot;:&quot;slide&quot;,&quot;space_between&quot;:30,&quot;loop&quot;:1,&quot;speed&quot;:600,&quot;autoplay&quot;:1,&quot;autoplay_delay&quot;:4500,&quot;autoplay_hover&quot;:0,&quot;navigation&quot;:0,&quot;pagination&quot;:0,&quot;dynamic_bullets&quot;:0,&quot;pagination_type&quot;:&quot;bullets&quot;}\">\r\n         <div class=\"swiper-wrapper\">\r\n            <div class=\"swiper-slide\">\r\n<div class=\"icon-box-item elementor-repeater-item-dec0088\">\r\n\t<div class=\"icon-box-content\">\r\n\r\n\t\t\t\t\t\r\n\t\t\t<div class=\"box-icon\"><i aria-hidden=\"true\" class=\" flaticon2-cabbage\"><\/i><\/div>\r\n\t\t\t<div class=\"content-inner\">\r\n\t\t\t\t<h3 class=\"title\">L\u00e9gume<\/h3>\t\t\t<\/div>\r\n\t\t\t\r\n\t\t\t\r\n\t\t\r\n\t<\/div>  \t\r\n\t<\/div><\/div><div class=\"swiper-slide\">\r\n<div class=\"icon-box-item elementor-repeater-item-18bb594\">\r\n\t<div class=\"icon-box-content\">\r\n\r\n\t\t\t\t\t\r\n\t\t\t<div class=\"box-icon\"><i aria-hidden=\"true\" class=\"flaticon2-grape\"><\/i><\/div>\r\n\t\t\t<div class=\"content-inner\">\r\n\t\t\t\t<h3 class=\"title\">Fruits frais<\/h3>\t\t\t<\/div>\r\n\t\t\t\r\n\t\t\t\r\n\t\t\r\n\t<\/div>  \t\r\n\t<\/div><\/div><div class=\"swiper-slide\">\r\n<div class=\"icon-box-item elementor-repeater-item-e193e59\">\r\n\t<div class=\"icon-box-content\">\r\n\r\n\t\t\t\t\t\r\n\t\t\t<div class=\"box-icon\"><i aria-hidden=\"true\" class=\" flaticon2-healthy-food\"><\/i><\/div>\r\n\t\t\t<div class=\"content-inner\">\r\n\t\t\t\t<h3 class=\"title\">Importer<\/h3>\t\t\t<\/div>\r\n\t\t\t\r\n\t\t\t\r\n\t\t\r\n\t<\/div>  \t\r\n\t<\/div><\/div><div class=\"swiper-slide\">\r\n<div class=\"icon-box-item elementor-repeater-item-0bd23df\">\r\n\t<div class=\"icon-box-content\">\r\n\r\n\t\t\t\t\t\r\n\t\t\t<div class=\"box-icon\"><i aria-hidden=\"true\" class=\" flaticon2-agriculture-1\"><\/i><\/div>\r\n\t\t\t<div class=\"content-inner\">\r\n\t\t\t\t<h3 class=\"title\">Exporter<\/h3>\t\t\t<\/div>\r\n\t\t\t\r\n\t\t\t\r\n\t\t\r\n\t<\/div>  \t\r\n\t<\/div><\/div>         <\/div>\r\n      <\/div>\r\n   <\/div>   \r\n   <div class=\"swiper-pagination\"><\/div>   <\/div>\r\n<\/div>\t\t\t\t<\/div>\n\t\t\t\t<\/div>\n\t\t\t\t<div class=\"elementor-element elementor-element-86b053e elementor-widget elementor-widget-gva-heading-block\" data-id=\"86b053e\" data-element_type=\"widget\" data-widget_type=\"gva-heading-block.default\">\n\t\t\t\t<div class=\"elementor-widget-container\">\n\t\t\t\t\t<div class=\"gva-element-gva-heading-block gva-element\">   <div class=\"align-left style-1 widget gsc-heading box-align-left auto-responsive\">\r\n      <div class=\"content-inner\">\r\n         \r\n                  \r\n           \r\n         \r\n                              <div class=\"title-desc\">En tant que nom de confiance dans l\u2019importation, l\u2019exportation et la distribution en gros de produits agricoles, nous travaillons en \u00e9troite collaboration avec les producteurs, les fournisseurs et les acheteurs pour cr\u00e9er une cha\u00eene d\u2019approvisionnement fluide qui r\u00e9pond aux besoins des d\u00e9taillants, des services alimentaires et des consommateurs.<\/div>\r\n         \r\n         \r\n      <\/div>\r\n   <\/div>\r\n<\/div>\t\t\t\t<\/div>\n\t\t\t\t<\/div>\n\t\t\t\t\t<\/div>\n\t\t<\/div>\n\t\t\t\t\t<\/div>\n\t\t<\/section>\n\t\t\t\t<section class=\"elementor-section elementor-top-section elementor-element elementor-element-37128b5 elementor-section-boxed elementor-section-height-default elementor-section-height-default shape-bg-top-no shape-bg-bottom-no\" data-id=\"37128b5\" data-element_type=\"section\">\n\t\t\t\t\t\t<div class=\"elementor-container elementor-column-gap-default\">\n\t\t\t\t\t<div class=\"elementor-column elementor-col-50 elementor-top-column elementor-element elementor-element-2860fd1\" data-id=\"2860fd1\" data-element_type=\"column\">\n\t\t\t<div class=\"elementor-widget-wrap elementor-element-populated\">\n\t\t\t\t\t\t<section class=\"elementor-section elementor-inner-section elementor-element elementor-element-ea85cc3 elementor-section-full_width elementor-section-height-default elementor-section-height-default shape-bg-top-no shape-bg-bottom-no\" data-id=\"ea85cc3\" data-element_type=\"section\" data-settings=\"{&quot;background_background&quot;:&quot;classic&quot;}\">\n\t\t\t\t\t\t\t<div class=\"elementor-background-overlay\"><\/div>\n\t\t\t\t\t\t\t<div class=\"elementor-container elementor-column-gap-default\">\n\t\t\t\t\t<div class=\"elementor-column elementor-col-50 elementor-inner-column elementor-element elementor-element-dddf65b\" data-id=\"dddf65b\" data-element_type=\"column\">\n\t\t\t<div class=\"elementor-widget-wrap elementor-element-populated\">\n\t\t\t\t\t\t<div class=\"elementor-element elementor-element-4cfd586 elementor-widget elementor-widget-heading\" data-id=\"4cfd586\" data-element_type=\"widget\" data-widget_type=\"heading.default\">\n\t\t\t\t<div class=\"elementor-widget-container\">\n\t\t\t\t\t<h2 class=\"elementor-heading-title elementor-size-default\"><a href=\"https:\/\/ampleproduce.com\/fr\/our-mission\/\">Notre Mission<\/a><\/h2>\t\t\t\t<\/div>\n\t\t\t\t<\/div>\n\t\t\t\t\t<\/div>\n\t\t<\/div>\n\t\t\t\t<div class=\"elementor-column elementor-col-50 elementor-inner-column elementor-element elementor-element-ce7473f\" data-id=\"ce7473f\" data-element_type=\"column\">\n\t\t\t<div class=\"elementor-widget-wrap elementor-element-populated\">\n\t\t\t\t\t\t<div class=\"elementor-element elementor-element-10c72dc elementor-widget__width-auto elementor-widget elementor-widget-html\" data-id=\"10c72dc\" data-element_type=\"widget\" data-widget_type=\"html.default\">\n\t\t\t\t<div class=\"elementor-widget-container\">\n\t\t\t\t\t<a class=\"btn-border-white\" href=\"https:\/\/ampleproduce.com\/fr\/our-mission\/\">\n    Apprendre encore plus\n<\/a>\t\t\t\t<\/div>\n\t\t\t\t<\/div>\n\t\t\t\t\t<\/div>\n\t\t<\/div>\n\t\t\t\t\t<\/div>\n\t\t<\/section>\n\t\t\t\t\t<\/div>\n\t\t<\/div>\n\t\t\t\t<div class=\"elementor-column elementor-col-50 elementor-top-column elementor-element elementor-element-5da09a8\" data-id=\"5da09a8\" data-element_type=\"column\">\n\t\t\t<div class=\"elementor-widget-wrap elementor-element-populated\">\n\t\t\t\t\t\t<section class=\"elementor-section elementor-inner-section elementor-element elementor-element-96e3347 elementor-section-full_width elementor-section-height-default elementor-section-height-default shape-bg-top-no shape-bg-bottom-no\" data-id=\"96e3347\" data-element_type=\"section\" data-settings=\"{&quot;background_background&quot;:&quot;classic&quot;}\">\n\t\t\t\t\t\t\t<div class=\"elementor-background-overlay\"><\/div>\n\t\t\t\t\t\t\t<div class=\"elementor-container elementor-column-gap-default\">\n\t\t\t\t\t<div class=\"elementor-column elementor-col-50 elementor-inner-column elementor-element elementor-element-5079529\" data-id=\"5079529\" data-element_type=\"column\">\n\t\t\t<div class=\"elementor-widget-wrap elementor-element-populated\">\n\t\t\t\t\t\t<div class=\"elementor-element elementor-element-88c0929 elementor-widget elementor-widget-heading\" data-id=\"88c0929\" data-element_type=\"widget\" data-widget_type=\"heading.default\">\n\t\t\t\t<div class=\"elementor-widget-container\">\n\t\t\t\t\t<h2 class=\"elementor-heading-title elementor-size-default\"><a href=\"https:\/\/ampleproduce.com\/fr\/partner-with-us\/\">Devenez Partenaire<\/a><\/h2>\t\t\t\t<\/div>\n\t\t\t\t<\/div>\n\t\t\t\t\t<\/div>\n\t\t<\/div>\n\t\t\t\t<div class=\"elementor-column elementor-col-50 elementor-inner-column elementor-element elementor-element-d892ba0\" data-id=\"d892ba0\" data-element_type=\"column\">\n\t\t\t<div class=\"elementor-widget-wrap elementor-element-populated\">\n\t\t\t\t\t\t<div class=\"elementor-element elementor-element-49e0288 elementor-widget__width-auto elementor-widget elementor-widget-html\" data-id=\"49e0288\" data-element_type=\"widget\" data-widget_type=\"html.default\">\n\t\t\t\t<div class=\"elementor-widget-container\">\n\t\t\t\t\t<a class=\"btn-border-white\" href=\"https:\/\/ampleproduce.com\/fr\/partner-with-us\/\">\n    Apprendre encore plus\n<\/a>\t\t\t\t<\/div>\n\t\t\t\t<\/div>\n\t\t\t\t\t<\/div>\n\t\t<\/div>\n\t\t\t\t\t<\/div>\n\t\t<\/section>\n\t\t\t\t\t<\/div>\n\t\t<\/div>\n\t\t\t\t\t<\/div>\n\t\t<\/section>\n\t\t\t\t<section class=\"elementor-section elementor-top-section elementor-element elementor-element-db0e3e1 elementor-section-boxed elementor-section-height-default elementor-section-height-default shape-bg-top-no shape-bg-bottom-no\" data-id=\"db0e3e1\" data-element_type=\"section\" data-settings=\"{&quot;background_background&quot;:&quot;classic&quot;}\">\n\t\t\t\t\t\t<div class=\"elementor-container elementor-column-gap-default\">\n\t\t\t\t\t<div class=\"elementor-column elementor-col-100 elementor-top-column elementor-element elementor-element-30a164d\" data-id=\"30a164d\" data-element_type=\"column\" data-settings=\"{&quot;background_background&quot;:&quot;classic&quot;}\">\n\t\t\t<div class=\"elementor-widget-wrap elementor-element-populated\">\n\t\t\t\t\t\t<div class=\"elementor-element elementor-element-134fc37 elementor-widget elementor-widget-heading\" data-id=\"134fc37\" data-element_type=\"widget\" data-widget_type=\"heading.default\">\n\t\t\t\t<div class=\"elementor-widget-container\">\n\t\t\t\t\t<h2 class=\"elementor-heading-title elementor-size-default\">Avec un accent sur l\u2019excellence, la s\u00e9curit\u00e9 alimentaire et la durabilit\u00e9, notre objectif est d\u2019\u00eatre votre partenaire de confiance pour des solutions agricoles toute l\u2019ann\u00e9e.\n<\/br>\n<\/br>\nExplorez notre site Web pour en savoir plus sur nos services et comment nous pouvons soutenir votre entreprise.\n<\/h2>\t\t\t\t<\/div>\n\t\t\t\t<\/div>\n\t\t\t\t\t<\/div>\n\t\t<\/div>\n\t\t\t\t\t<\/div>\n\t\t<\/section>\n\t\t\t\t<\/div>\n\t\t","protected":false},"excerpt":{"rendered":"<p>nous g\u00e9rons tout avec pr\u00e9cision et soin. Bienvenue chez Ample Produce Inc. Chez Ample Produce Inc., nous nous engageons \u00e0 fournir les fruits et l\u00e9gumes les plus frais et de [&hellip;]<\/p>\n","protected":false},"author":1,"featured_media":0,"parent":0,"menu_order":0,"comment_status":"closed","ping_status":"closed","template":"","meta":{"footnotes":""},"class_list":["post-20","page","type-page","status-publish","hentry"],"_links":{"self":[{"href":"https:\/\/ampleproduce.com\/fr\/wp-json\/wp\/v2\/pages\/20","targetHints":{"allow":["GET"]}}],"collection":[{"href":"https:\/\/ampleproduce.com\/fr\/wp-json\/wp\/v2\/pages"}],"about":[{"href":"https:\/\/ampleproduce.com\/fr\/wp-json\/wp\/v2\/types\/page"}],"author":[{"embeddable":true,"href":"https:\/\/ampleproduce.com\/fr\/wp-json\/wp\/v2\/users\/1"}],"replies":[{"embeddable":true,"href":"https:\/\/ampleproduce.com\/fr\/wp-json\/wp\/v2\/comments?post=20"}],"version-history":[{"count":68,"href":"https:\/\/ampleproduce.com\/fr\/wp-json\/wp\/v2\/pages\/20\/revisions"}],"predecessor-version":[{"id":989999,"href":"https:\/\/ampleproduce.com\/fr\/wp-json\/wp\/v2\/pages\/20\/revisions\/989999"}],"wp:attachment":[{"href":"https:\/\/ampleproduce.com\/fr\/wp-json\/wp\/v2\/media?parent=20"}],"curies":[{"name":"wp","href":"https:\/\/api.w.org\/{rel}","templated":true}]}}